{"id":807,"date":"2025-09-02T09:00:38","date_gmt":"2025-09-02T07:00:38","guid":{"rendered":"https:\/\/motortarrega.com\/formacio-i-practiques\/"},"modified":"2025-09-02T10:22:58","modified_gmt":"2025-09-02T08:22:58","slug":"formacio-i-practiques","status":"publish","type":"page","link":"https:\/\/motortarrega.com\/ca\/formacio-i-practiques\/","title":{"rendered":"Formaci\u00f3 i pr\u00e0ctiques"},"content":{"rendered":"\t\t<div data-elementor-type=\"wp-page\" data-elementor-id=\"807\" class=\"elementor elementor-807\" data-elementor-post-type=\"page\">\n\t\t\t\t<div data-particle_enable=\"false\" data-particle-mobile-disabled=\"false\" class=\"elementor-element elementor-element-ecbe566 e-flex e-con-boxed e-con e-parent\" data-id=\"ecbe566\" data-element_type=\"container\" data-e-type=\"container\" data-settings=\"{&quot;background_background&quot;:&quot;classic&quot;}\">\n\t\t\t\t\t<div class=\"e-con-inner\">\n\t\t<div data-particle_enable=\"false\" data-particle-mobile-disabled=\"false\" class=\"elementor-element elementor-element-cb0287a e-con-full e-flex e-con e-child\" data-id=\"cb0287a\" data-element_type=\"container\" data-e-type=\"container\">\n\t\t\t\t<div class=\"elementor-element elementor-element-bdb30f3 elementor-widget elementor-widget-heading\" data-id=\"bdb30f3\" data-element_type=\"widget\" data-e-type=\"widget\" data-widget_type=\"heading.default\">\n\t\t\t\t<div class=\"elementor-widget-container\">\n\t\t\t\t\t<h1 class=\"elementor-heading-title elementor-size-default\">Formaci\u00f3 Dual i Pr\u00e0ctiques Professionals<\/h1>\t\t\t\t<\/div>\n\t\t\t\t<\/div>\n\t\t\t\t<\/div>\n\t\t\t\t\t<\/div>\n\t\t\t\t<\/div>\n\t\t<div data-particle_enable=\"false\" data-particle-mobile-disabled=\"false\" class=\"elementor-element elementor-element-4b582c1 e-flex e-con-boxed e-con e-parent\" data-id=\"4b582c1\" data-element_type=\"container\" data-e-type=\"container\">\n\t\t\t\t\t<div class=\"e-con-inner\">\n\t\t<div data-particle_enable=\"false\" data-particle-mobile-disabled=\"false\" class=\"elementor-element elementor-element-90ed73f e-con-full e-flex e-con e-child\" data-id=\"90ed73f\" data-element_type=\"container\" data-e-type=\"container\">\n\t\t\t\t<div class=\"elementor-element elementor-element-9b98aad elementor-widget elementor-widget-text-editor\" data-id=\"9b98aad\" data-element_type=\"widget\" data-e-type=\"widget\" data-widget_type=\"text-editor.default\">\n\t\t\t\t<div class=\"elementor-widget-container\">\n\t\t\t\t\t\t\t\t\t<p class=\"p1\">A Grup Motor T\u00e0rrega apostem pel talent jove i volem acompanyar-te en el teu cam\u00ed cap al m\u00f3n laboral. Per aix\u00f2 oferim programes de <b>formaci\u00f3 dual<\/b> i <b>pr\u00e0ctiques professionals<\/b> als nostres <b>tallers<\/b> i <b>oficines<\/b> , dirigits a estudiants de <b>Cicles Formatius<\/b> i <b>Graus Universitaris<\/b> . <\/p><p class=\"p1\">La <b>formaci\u00f3 dual<\/b> et permet combinar els estudis te\u00f2rics al teu centre educatiu amb l&#8217;experi\u00e8ncia pr\u00e0ctica als nostres equips, tot aix\u00f2 amb una <b>remuneraci\u00f3 econ\u00f2mica<\/b> que valora la teva implicaci\u00f3. En acabar els estudis, tindr\u00e0s l&#8217;oportunitat d&#8217;incorporar-te a la nostra plantilla. <\/p><p class=\"p1\">Tamb\u00e9 oferim <b>pr\u00e0ctiques curriculars i extracurriculars<\/b> per a estudiants universitaris, aix\u00ed com convenis amb centres de formaci\u00f3 professional per a alumnes de <b>grau mitj\u00e0 o superior<\/b> , especialment a l&#8217;\u00e0mbit de l&#8217;automoci\u00f3.<\/p><p class=\"p1\">Si vols aprendre una professi\u00f3 en un entorn real, din\u00e0mic i amb projecci\u00f3 de futur, <b>Grup Motor T\u00e0rrega \u00e9s el teu lloc web<\/b> .<\/p>\t\t\t\t\t\t\t\t<\/div>\n\t\t\t\t<\/div>\n\t\t\t\t<\/div>\n\t\t<div data-particle_enable=\"false\" data-particle-mobile-disabled=\"false\" class=\"elementor-element elementor-element-e2cab89 e-con-full e-flex e-con e-child\" data-id=\"e2cab89\" data-element_type=\"container\" data-e-type=\"container\" data-settings=\"{&quot;background_background&quot;:&quot;classic&quot;}\">\n\t\t<div data-particle_enable=\"false\" data-particle-mobile-disabled=\"false\" class=\"elementor-element elementor-element-910bfe7 e-con-full e-flex e-con e-child\" data-id=\"910bfe7\" data-element_type=\"container\" data-e-type=\"container\">\n\t\t\t\t<div class=\"elementor-element elementor-element-4795980 elementor-widget elementor-widget-heading\" data-id=\"4795980\" data-element_type=\"widget\" data-e-type=\"widget\" data-widget_type=\"heading.default\">\n\t\t\t\t<div class=\"elementor-widget-container\">\n\t\t\t\t\t<h4 class=\"elementor-heading-title elementor-size-default\">Omple el formulari, adjunta el teu CV i contactarem amb tu el m\u00e9s aviat possible\n\n<\/h4>\t\t\t\t<\/div>\n\t\t\t\t<\/div>\n\t\t\t\t<\/div>\n\t\t\t\t<div class=\"elementor-element elementor-element-42661ba elementor-button-align-start elementor-widget elementor-widget-form\" data-id=\"42661ba\" data-element_type=\"widget\" data-e-type=\"widget\" data-settings=\"{&quot;step_next_label&quot;:&quot;Siguiente&quot;,&quot;step_previous_label&quot;:&quot;Anterior&quot;,&quot;button_width&quot;:&quot;100&quot;,&quot;step_type&quot;:&quot;number_text&quot;,&quot;step_icon_shape&quot;:&quot;circle&quot;}\" data-widget_type=\"form.default\">\n\t\t\t\t<div class=\"elementor-widget-container\">\n\t\t\t\t\t\t\t<form class=\"elementor-form\" method=\"post\" name=\"Nou formulari\" aria-label=\"Nou formulari\">\n\t\t\t<input type=\"hidden\" name=\"post_id\" value=\"807\"\/>\n\t\t\t<input type=\"hidden\" name=\"form_id\" value=\"42661ba\"\/>\n\t\t\t<input type=\"hidden\" name=\"referer_title\" value=\"\" \/>\n\n\t\t\t\n\t\t\t<div class=\"elementor-form-fields-wrapper elementor-labels-above\">\n\t\t\t\t\t\t\t\t<div class=\"elementor-field-type-text elementor-field-group elementor-column elementor-field-group-name elementor-col-50 elementor-field-required\">\n\t\t\t\t\t\t\t\t\t\t\t\t\t<input size=\"1\" type=\"text\" name=\"form_fields[name]\" id=\"form-field-name\" class=\"elementor-field elementor-size-sm  elementor-field-textual\" placeholder=\"Nom\" required=\"required\">\n\t\t\t\t\t\t\t\t\t\t\t<\/div>\n\t\t\t\t\t\t\t\t<div class=\"elementor-field-type-tel elementor-field-group elementor-column elementor-field-group-telefono elementor-col-50 elementor-field-required\">\n\t\t\t\t\t\t\t<input size=\"1\" type=\"tel\" name=\"form_fields[telefono]\" id=\"form-field-telefono\" class=\"elementor-field elementor-size-sm  elementor-field-textual\" placeholder=\"Tel\u00e8fon\" required=\"required\" pattern=\"[0-9()#&amp;+*-=.]+\" title=\"Only numbers and phone characters (#, -, *, etc) are accepted.\">\n\n\t\t\t\t\t\t<\/div>\n\t\t\t\t\t\t\t\t<div class=\"elementor-field-type-email elementor-field-group elementor-column elementor-field-group-email elementor-col-50 elementor-field-required\">\n\t\t\t\t\t\t\t\t\t\t\t\t\t<input size=\"1\" type=\"email\" name=\"form_fields[email]\" id=\"form-field-email\" class=\"elementor-field elementor-size-sm  elementor-field-textual\" placeholder=\"Correu electr\u00f2nic\" required=\"required\">\n\t\t\t\t\t\t\t\t\t\t\t<\/div>\n\t\t\t\t\t\t\t\t<div class=\"elementor-field-type-select elementor-field-group elementor-column elementor-field-group-taller elementor-col-100 elementor-field-required\">\n\t\t\t\t\t\t\t<div class=\"elementor-field elementor-select-wrapper remove-before \">\n\t\t\t<div class=\"select-caret-down-wrapper\">\n\t\t\t\t<svg aria-hidden=\"true\" class=\"e-font-icon-svg e-eicon-caret-down\" viewBox=\"0 0 571.4 571.4\" xmlns=\"http:\/\/www.w3.org\/2000\/svg\"><path d=\"M571 393Q571 407 561 418L311 668Q300 679 286 679T261 668L11 418Q0 407 0 393T11 368 36 357H536Q550 357 561 368T571 393Z\"><\/path><\/svg>\t\t\t<\/div>\n\t\t\t<select name=\"form_fields[taller]\" id=\"form-field-taller\" class=\"elementor-field-textual elementor-size-sm\" required=\"required\">\n\t\t\t\t\t\t\t\t\t<option value=\"Selecciona un centre\">Selecciona un centre<\/option>\n\t\t\t\t\t\t\t\t\t<option value=\"Motor T\u00e0rrega LA SEU D\u2019URGELL\">Motor T\u00e0rrega LA SEU D\u2019URGELL<\/option>\n\t\t\t\t\t\t\t\t\t<option value=\"Motor T\u00e0rrega LLEIDA\">Motor T\u00e0rrega LLEIDA<\/option>\n\t\t\t\t\t\t\t\t\t<option value=\"Motor T\u00e0rrega T\u00c0RREGA\">Motor T\u00e0rrega T\u00c0RREGA<\/option>\n\t\t\t\t\t\t\t\t\t<option value=\"Motor T\u00e0rrega MANRESA\">Motor T\u00e0rrega MANRESA<\/option>\n\t\t\t\t\t\t\t\t\t<option value=\"Motor T\u00e0rrega GIRONA\">Motor T\u00e0rrega GIRONA<\/option>\n\t\t\t\t\t\t\t\t\t<option value=\"Motor T\u00e0rrega FIGUERES\">Motor T\u00e0rrega FIGUERES<\/option>\n\t\t\t\t\t\t\t\t\t<option value=\"Motor T\u00e0rrega P\u00c8NEDES\">Motor T\u00e0rrega P\u00c8NEDES<\/option>\n\t\t\t\t\t\t\t\t\t<option value=\"Motor T\u00e0rrega BARCELONA\">Motor T\u00e0rrega BARCELONA<\/option>\n\t\t\t\t\t\t\t<\/select>\n\t\t<\/div>\n\t\t\t\t\t\t<\/div>\n\t\t\t\t\t\t\t\t<div class=\"elementor-field-type-textarea elementor-field-group elementor-column elementor-field-group-mensaje elementor-col-100 elementor-field-required\">\n\t\t\t\t\t<textarea class=\"elementor-field-textual elementor-field  elementor-size-sm\" name=\"form_fields[mensaje]\" id=\"form-field-mensaje\" rows=\"4\" placeholder=\"Missatge\" required=\"required\"><\/textarea>\t\t\t\t<\/div>\n\t\t\t\t\t\t\t\t<div class=\"elementor-field-type-upload elementor-field-group elementor-column elementor-field-group-CV elementor-col-100 elementor-field-required\">\n\t\t\t\t\t\t\t\t\t\t\t\t<label for=\"form-field-CV\" class=\"elementor-field-label\">\n\t\t\t\t\t\t\t\tPuja el teu CV\t\t\t\t\t\t\t<\/label>\n\t\t\t\t\t\t\t\t<input type=\"file\" name=\"form_fields[CV]\" id=\"form-field-CV\" class=\"elementor-field elementor-size-sm  elementor-upload-field\" required=\"required\">\n\n\t\t\t\t\t\t<\/div>\n\t\t\t\t\t\t\t\t<div class=\"elementor-field-type-acceptance elementor-field-group elementor-column elementor-field-group-field_9b7b902 elementor-col-100 elementor-field-required\">\n\t\t\t\t\t\t\t<div class=\"elementor-field-subgroup\">\n\t\t\t<span class=\"elementor-field-option\">\n\t\t\t\t<input type=\"checkbox\" name=\"form_fields[field_9b7b902]\" id=\"form-field-field_9b7b902\" class=\"elementor-field elementor-size-sm  elementor-acceptance-field\" required=\"required\">\n\t\t\t\t<label for=\"form-field-field_9b7b902\">Accepto la pol\u00edtica de privacitat i l'Av\u00eds Legal<\/label>\t\t\t<\/span>\n\t\t<\/div>\n\t\t\t\t\t\t<\/div>\n\t\t\t\t\t\t\t\t<div class=\"elementor-field-type-html elementor-field-group elementor-column elementor-field-group-field_19e9acf elementor-col-100\">\n\t\t\t\t\t<div style=\"font-size: 0.8rem;\">Les dades proporcionades mitjan\u00e7ant aquest formulari seran tractades per Motor T\u00e0rrega. La finalitat de la recollida daquestes dades \u00e9s per gestionar la candidatura al lloc de treball. Aquestes dades estaran emmagatzemades en un fitxer propietat de Motor T\u00e0rrega. Podeu exercir els vostres drets d'acc\u00e9s, oposici\u00f3, cancel\u00b7laci\u00f3 i\/o rectificaci\u00f3 enviant un correu electr\u00f2nic a atencioclient@motortarrega.com.\nPodeu consultar la informaci\u00f3 completa i detallada sobre privacitat en pol\u00edtica de privacitat.   <\/div>\t\t\t\t<\/div>\n\t\t\t\t\t\t\t\t<div class=\"elementor-field-group elementor-column elementor-field-type-submit elementor-col-100 e-form__buttons\">\n\t\t\t\t\t<button class=\"elementor-button elementor-size-sm\" type=\"submit\">\n\t\t\t\t\t\t<span class=\"elementor-button-content-wrapper\">\n\t\t\t\t\t\t\t\t\t\t\t\t\t\t\t\t\t\t\t\t\t\t<span class=\"elementor-button-text\">Enviar<\/span>\n\t\t\t\t\t\t\t\t\t\t\t\t\t<\/span>\n\t\t\t\t\t<\/button>\n\t\t\t\t<\/div>\n\t\t\t<\/div>\n\t\t<\/form>\n\t\t\t\t\t\t<\/div>\n\t\t\t\t<\/div>\n\t\t\t\t<\/div>\n\t\t\t\t\t<\/div>\n\t\t\t\t<\/div>\n\t\t\t\t<\/div>\n\t\t","protected":false},"excerpt":{"rendered":"<p>Formaci\u00f3 Dual i Pr\u00e0ctiques Professionals A Grup Motor T\u00e0rrega apostem pel talent jove i volem acompanyar-te en el teu cam\u00ed cap al m\u00f3n laboral. Per aix\u00f2 oferim programes de formaci\u00f3 dual i pr\u00e0ctiques professionals als nostres tallers i oficines , dirigits a estudiants de Cicles Formatius i Graus Universitaris . La formaci\u00f3 dual et permet [&hellip;]<\/p>\n","protected":false},"author":1,"featured_media":0,"parent":0,"menu_order":0,"comment_status":"closed","ping_status":"closed","template":"","meta":{"_acf_changed":false,"footnotes":""},"class_list":["post-807","page","type-page","status-publish","hentry"],"acf":[],"_links":{"self":[{"href":"https:\/\/motortarrega.com\/ca\/wp-json\/wp\/v2\/pages\/807","targetHints":{"allow":["GET"]}}],"collection":[{"href":"https:\/\/motortarrega.com\/ca\/wp-json\/wp\/v2\/pages"}],"about":[{"href":"https:\/\/motortarrega.com\/ca\/wp-json\/wp\/v2\/types\/page"}],"author":[{"embeddable":true,"href":"https:\/\/motortarrega.com\/ca\/wp-json\/wp\/v2\/users\/1"}],"replies":[{"embeddable":true,"href":"https:\/\/motortarrega.com\/ca\/wp-json\/wp\/v2\/comments?post=807"}],"version-history":[{"count":2,"href":"https:\/\/motortarrega.com\/ca\/wp-json\/wp\/v2\/pages\/807\/revisions"}],"predecessor-version":[{"id":830,"href":"https:\/\/motortarrega.com\/ca\/wp-json\/wp\/v2\/pages\/807\/revisions\/830"}],"wp:attachment":[{"href":"https:\/\/motortarrega.com\/ca\/wp-json\/wp\/v2\/media?parent=807"}],"curies":[{"name":"wp","href":"https:\/\/api.w.org\/{rel}","templated":true}]}}