{"id":554,"date":"2025-04-28T11:13:29","date_gmt":"2025-04-28T09:13:29","guid":{"rendered":"https:\/\/motortarrega.com\/la-nostra-historia\/"},"modified":"2025-07-24T09:22:28","modified_gmt":"2025-07-24T07:22:28","slug":"la-nostra-historia","status":"publish","type":"page","link":"https:\/\/motortarrega.com\/ca\/la-nostra-historia\/","title":{"rendered":"La nostra hist\u00f2ria"},"content":{"rendered":"\t\t<div data-elementor-type=\"wp-page\" data-elementor-id=\"554\" class=\"elementor elementor-554 elementor-430\" data-elementor-post-type=\"page\">\n\t\t\t\t<div data-particle_enable=\"false\" data-particle-mobile-disabled=\"false\" class=\"elementor-element elementor-element-41ca1e8 e-flex e-con-boxed e-con e-parent\" data-id=\"41ca1e8\" data-element_type=\"container\" data-e-type=\"container\" data-settings=\"{&quot;background_background&quot;:&quot;classic&quot;}\">\n\t\t\t\t\t<div class=\"e-con-inner\">\n\t\t<div data-particle_enable=\"false\" data-particle-mobile-disabled=\"false\" class=\"elementor-element elementor-element-7b1c21d e-con-full e-flex e-con e-child\" data-id=\"7b1c21d\" data-element_type=\"container\" data-e-type=\"container\">\n\t\t\t\t<div class=\"elementor-element elementor-element-dae94e2 elementor-widget elementor-widget-heading\" data-id=\"dae94e2\" data-element_type=\"widget\" data-e-type=\"widget\" data-widget_type=\"heading.default\">\n\t\t\t\t<div class=\"elementor-widget-container\">\n\t\t\t\t\t<h2 class=\"elementor-heading-title elementor-size-default\">La nostra hist\u00f2ria<\/h2>\t\t\t\t<\/div>\n\t\t\t\t<\/div>\n\t\t\t\t<\/div>\n\t\t\t\t\t<\/div>\n\t\t\t\t<\/div>\n\t\t<div data-particle_enable=\"false\" data-particle-mobile-disabled=\"false\" class=\"elementor-element elementor-element-b719fb0 e-flex e-con-boxed e-con e-parent\" data-id=\"b719fb0\" data-element_type=\"container\" data-e-type=\"container\" data-settings=\"{&quot;background_background&quot;:&quot;classic&quot;}\">\n\t\t\t\t\t<div class=\"e-con-inner\">\n\t\t<div data-particle_enable=\"false\" data-particle-mobile-disabled=\"false\" class=\"elementor-element elementor-element-1952e9a e-con-full e-flex e-con e-child\" data-id=\"1952e9a\" data-element_type=\"container\" data-e-type=\"container\">\n\t\t\t\t<div class=\"elementor-element elementor-element-3720613 elementor-widget__width-auto elementor-widget elementor-widget-heading\" data-id=\"3720613\" data-element_type=\"widget\" data-e-type=\"widget\" data-widget_type=\"heading.default\">\n\t\t\t\t<div class=\"elementor-widget-container\">\n\t\t\t\t\t<h2 class=\"elementor-heading-title elementor-size-default\">TRAJECT\u00d2RIA 1965 - 2026<\/h2>\t\t\t\t<\/div>\n\t\t\t\t<\/div>\n\t\t\t\t<div class=\"elementor-element elementor-element-d1061e3 elementor-widget elementor-widget-eael-content-timeline\" data-id=\"d1061e3\" data-element_type=\"widget\" data-e-type=\"widget\" data-widget_type=\"eael-content-timeline.default\">\n\t\t\t\t<div class=\"elementor-widget-container\">\n\t\t\t\t\t\t\t<div id=\"eael-content-timeline-d1061e3\" class=\"content-timeline-layout-center date-position- horizontal-timeline-wrapper\" data-slide_to_scroll=\"{&quot;desktop&quot;:1,&quot;mobile&quot;:1,&quot;tablet&quot;:1}\">\n\t\t\t<div class=\"eael-content-timeline-container\">\n\t\t\t\t<div class=\"eael-content-timeline-container\">\n\t\t\t\t\t\t\t\t\t\t\t\t\t\t\t\t\t\t\t\t\t\t\t<div class=\"eael-content-timeline-block\">\n    <div class=\"eael-content-timeline-line\">\n        <div class=\"eael-content-timeline-inner\"><\/div>\n    <\/div>\n    <div class=\"eael-content-timeline-img eael-picture \"><svg class=\"e-font-icon-svg e-fas-circle\" viewBox=\"0 0 512 512\" xmlns=\"http:\/\/www.w3.org\/2000\/svg\"><path d=\"M256 8C119 8 8 119 8 256s111 248 248 248 248-111 248-248S393 8 256 8z\"><\/path><\/svg><\/div><div class=\"eael-content-timeline-content\"><p class=\"p1\"><strong>Motor T\u00e0rrega Trucks<\/strong> neix a T\u00e0rrega el <b>1965<\/b> com a <strong>concessionari especialitzat en vehicles industrials<\/strong> de la marca Barreiros i sota el nom <strong>Motor T\u00e0rrega SA.<\/strong><\/p>\n<p class=\"p1\">Gr\u00e0cies a la <strong>professionalitat de l'equip hum\u00e0 ia la qualitat del nostre servei<\/strong> , l'empresa es va anar posicionant com a <strong>referent dins del sector<\/strong> , atraient clients de tot Espanya a les <strong>instal\u00b7lacions de T\u00e0rrega.<\/strong><\/p>\n<span class=\"eael-date\">1965  <img decoding=\"async\" class=\"alignnone size-medium wp-image-346\" src=\"https:\/\/motortarrega.com\/wp-content\/uploads\/2025\/04\/historia-motor-tarrega-1_resultado-300x154.webp\" alt=\"\" width=\"100%\" srcset=\"https:\/\/motortarrega.com\/wp-content\/uploads\/2025\/04\/historia-motor-tarrega-1_resultado-300x154.webp 300w, https:\/\/motortarrega.com\/wp-content\/uploads\/2025\/04\/historia-motor-tarrega-1_resultado-768x395.webp 768w, https:\/\/motortarrega.com\/wp-content\/uploads\/2025\/04\/historia-motor-tarrega-1_resultado.webp 800w\" sizes=\"(max-width: 300px) 100vw, 300px\" \/><\/span><\/div><\/div>\t\t\t\t\t\t\t\t\t\t\t\t\t\t\t\t\t\t<div class=\"eael-content-timeline-block\">\n    <div class=\"eael-content-timeline-line\">\n        <div class=\"eael-content-timeline-inner\"><\/div>\n    <\/div>\n    <div class=\"eael-content-timeline-img eael-picture \"><svg class=\"e-font-icon-svg e-fas-circle\" viewBox=\"0 0 512 512\" xmlns=\"http:\/\/www.w3.org\/2000\/svg\"><path d=\"M256 8C119 8 8 119 8 256s111 248 248 248 248-111 248-248S393 8 256 8z\"><\/path><\/svg><\/div><div class=\"eael-content-timeline-content\"><p class=\"p1\">El <b>2011<\/b> Motor T\u00e0rrega posa en marxa un <strong>nou pla de creixement<\/strong> incorporant els punts de servei <strong>Renault Trucks de Lleida<\/strong> (Motor Lleida) i <strong>de la Seu d'Urgell (Ursesa).<\/strong><\/p>\n<span class=\"eael-date\">2011  <img decoding=\"async\" class=\"alignnone size-medium wp-image-346\" src=\"\/wp-content\/uploads\/2025\/04\/2011-scaled.jpg\" alt=\"\" width=\"100%\"><\/span><\/div><\/div>\t\t\t\t\t\t\t\t\t\t\t\t\t\t\t\t\t\t<div class=\"eael-content-timeline-block\">\n    <div class=\"eael-content-timeline-line\">\n        <div class=\"eael-content-timeline-inner\"><\/div>\n    <\/div>\n    <div class=\"eael-content-timeline-img eael-picture \"><svg class=\"e-font-icon-svg e-fas-circle\" viewBox=\"0 0 512 512\" xmlns=\"http:\/\/www.w3.org\/2000\/svg\"><path d=\"M256 8C119 8 8 119 8 256s111 248 248 248 248-111 248-248S393 8 256 8z\"><\/path><\/svg><\/div><div class=\"eael-content-timeline-content\"><p class=\"p1\"><b>Autobomba<\/b> , empresa creada el 1983 i centrada en solucions intralog\u00edstiques i amb seus a Igualada i Lleida <strong>s'incorpora<\/strong> a Motor T\u00e0rrega el <b>2013<\/b> .<\/p>\n<span class=\"eael-date\">2013  <img decoding=\"async\" class=\"alignnone size-medium wp-image-346\" src=\"\/wp-content\/uploads\/2025\/04\/2013-Autobomba-scaled.jpg\" alt=\"\" width=\"100%\"><\/span><\/div><\/div>\t\t\t\t\t\t\t\t\t\t\t\t\t\t\t\t\t\t<div class=\"eael-content-timeline-block\">\n    <div class=\"eael-content-timeline-line\">\n        <div class=\"eael-content-timeline-inner\"><\/div>\n    <\/div>\n    <div class=\"eael-content-timeline-img eael-picture \"><svg class=\"e-font-icon-svg e-fas-circle\" viewBox=\"0 0 512 512\" xmlns=\"http:\/\/www.w3.org\/2000\/svg\"><path d=\"M256 8C119 8 8 119 8 256s111 248 248 248 248-111 248-248S393 8 256 8z\"><\/path><\/svg><\/div><div class=\"eael-content-timeline-content\"><p class=\"p1\">El <b>2015<\/b> Motor T\u00e0rrega Trucks <strong>entra a la prov\u00edncia de Girona<\/strong> fent-se c\u00e0rrec de les vendes a tota la prov\u00edncia, inaugurant el seu <strong>primer centre al pol\u00edgon El Far de l'Empord\u00e0<\/strong> amb 8.000m2 dedicats al vehicle industrial.<\/p>\n<span class=\"eael-date\">2015  <img decoding=\"async\" src=\"\/wp-content\/uploads\/2025\/04\/2015.jpg\" width=\"100%\"><\/span><\/div><\/div>\t\t\t\t\t\t\t\t\t\t\t\t\t\t\t\t\t\t<div class=\"eael-content-timeline-block\">\n    <div class=\"eael-content-timeline-line\">\n        <div class=\"eael-content-timeline-inner\"><\/div>\n    <\/div>\n    <div class=\"eael-content-timeline-img eael-picture \"><svg class=\"e-font-icon-svg e-fas-circle\" viewBox=\"0 0 512 512\" xmlns=\"http:\/\/www.w3.org\/2000\/svg\"><path d=\"M256 8C119 8 8 119 8 256s111 248 248 248 248-111 248-248S393 8 256 8z\"><\/path><\/svg><\/div><div class=\"eael-content-timeline-content\"><p class=\"p1\">El <b>2017<\/b> , per donar resposta a les <strong>noves necessitats del sector<\/strong> es crea l'empresa dedicada al <strong>lloguer de vehicles<\/strong> industrials <b>Motor T\u00e0rrega Rent<\/b> .<\/p>\n<p class=\"p1\">Aquell mateix any, s'adquireix l'empresa <b>SARAUTO, VI<\/b> situada a Sallent, passant a ser el punt de servei <b>Motor T\u00e0rrega Trucks Manresa<\/b> per a la Catalunya Central.<\/p>\n<span class=\"eael-date\">2017  <img decoding=\"async\" src=\"\/wp-content\/uploads\/2025\/05\/3-scaled.jpg\" width=\"100%\"><\/span><\/div><\/div>\t\t\t\t\t\t\t\t\t\t\t\t\t\t\t\t\t\t<div class=\"eael-content-timeline-block\">\n    <div class=\"eael-content-timeline-line\">\n        <div class=\"eael-content-timeline-inner\"><\/div>\n    <\/div>\n    <div class=\"eael-content-timeline-img eael-picture \"><svg class=\"e-font-icon-svg e-fas-circle\" viewBox=\"0 0 512 512\" xmlns=\"http:\/\/www.w3.org\/2000\/svg\"><path d=\"M256 8C119 8 8 119 8 256s111 248 248 248 248-111 248-248S393 8 256 8z\"><\/path><\/svg><\/div><div class=\"eael-content-timeline-content\"><p class=\"p1\">El <b>2020<\/b> es construeix un nou punt de servei a la ciutat de Girona, <b>Motor T\u00e0rrega Trucks Girona<\/b> , concretament a Bescan\u00f3.<\/p>\n<p class=\"p1\">Aquest mateix any, Motor T\u00e1rrega entra al sector agr\u00edcola de la m\u00e0 de <b>New Holland,<\/b> posant en<b> <\/b>marxa un nou concessionari a Lleida: <b>Agrotec Motor T\u00e0rrega<\/b> .<\/p>\n<span class=\"eael-date\">2020  <img decoding=\"async\" src=\"\/wp-content\/uploads\/2025\/04\/2020-Agrotec-scaled.jpeg\"><\/span><\/div><\/div>\t\t\t\t\t\t\t\t\t\t\t\t\t\t\t\t\t\t<div class=\"eael-content-timeline-block\">\n    <div class=\"eael-content-timeline-line\">\n        <div class=\"eael-content-timeline-inner\"><\/div>\n    <\/div>\n    <div class=\"eael-content-timeline-img eael-picture \"><svg class=\"e-font-icon-svg e-fas-circle\" viewBox=\"0 0 512 512\" xmlns=\"http:\/\/www.w3.org\/2000\/svg\"><path d=\"M256 8C119 8 8 119 8 256s111 248 248 248 248-111 248-248S393 8 256 8z\"><\/path><\/svg><\/div><div class=\"eael-content-timeline-content\"><p class=\"p1\">Al juliol de <b>2021<\/b> , es crea <b>Construtec Motor T\u00e0rrega<\/b> , servei oficial <b>Komatsu<\/b> , amb un equip especialitzat en <strong>maquin\u00e0ria industrial i de construcci\u00f3.<\/strong><\/p>\n<p class=\"p1\">A finals del <b>2021<\/b> Motor Tarrega Trucks <strong>amplia cobertura<\/strong> incorporant dos centres simult\u00e0niament amb m\u00e9s de 50 persones i 15.000m2 en instal\u00b7lacions: <strong>Motor T\u00e0rrega Trucks Barcelona<\/strong> (antiga Barnavisa) a la Zona Franca de Barcelona, i <strong>Motor T\u00e0rrega Trucks Pened\u00e8s<\/strong> a Ol\u00e8rdola.<\/p>\n<p class=\"p1\">Actualment <strong>Motor T\u00e0rrega Trucks<\/strong> \u00e9s <strong>servei oficial de Renault Trucks a les prov\u00edncies de Lleida, Girona i Barcelona<\/strong> amb 250 persones i 60.000m2 repartits entre els seus 8 centres, a m\u00e9s de <strong>3 tallers autoritzats a Vic, Sabadell i Balaguer.<\/strong><\/p>\n<span class=\"eael-date\">2021  <img decoding=\"async\" src=\"\/wp-content\/uploads\/2025\/04\/2021-Penedes-scaled.jpg\" width=\"100%\"><\/span><\/div><\/div>\t\t\t\t\t\t\t\t\t\t\t\t\t\t\t\t\t\t<div class=\"eael-content-timeline-block\">\n    <div class=\"eael-content-timeline-line\">\n        <div class=\"eael-content-timeline-inner\"><\/div>\n    <\/div>\n    <div class=\"eael-content-timeline-img eael-picture \"><svg class=\"e-font-icon-svg e-fas-circle\" viewBox=\"0 0 512 512\" xmlns=\"http:\/\/www.w3.org\/2000\/svg\"><path d=\"M256 8C119 8 8 119 8 256s111 248 248 248 248-111 248-248S393 8 256 8z\"><\/path><\/svg><\/div><div class=\"eael-content-timeline-content\"><p class=\"p1\">El <b>2024<\/b> Agrotec Motor Tarrega s'uneix amb Maquin\u00e0ria Agr\u00edcola Solsona constituint <b>Agrotec Solsona<\/b> i <b>Construtec Solsona<\/b> , oferint major cobertura i afegint a la xarxa <strong>dos nous centres especialitzats en maquin\u00e0ria agr\u00edcola<\/strong> : Sana\u00fcja i Fondarella. Amb aquesta suma, el cat\u00e0leg d'Agrotec Solsona passa a incorporar tota la gamma de recol\u00b7lecci\u00f3 de New Holland, aix\u00ed com les marques Maschio Gaspardo, IDavid i Sol\u00e0 amb cobertura a les prov\u00edncies de Lleida i Osca amb 12 tallers autoritzats. <\/p>\n<p class=\"p1\">Tamb\u00e9 el 2024 s'hi incorpora <b>Pirineu Automoci\u00f3<\/b> , centre <strong>especialitzat en turismes<\/strong> a La Seu d'Urgell, servei oficial Nissan i Skoda. Amb aquesta incorporaci\u00f3 es crea la marca <b>Motor T\u00e0rrega Pirineu<\/b> , agrupant tots els serveis que es presten des del centre de la Seu: <strong>vehicles industrials, maquin\u00e0ria agr\u00edcola, maquin\u00e0ria industrial, i turismes.<\/strong> <\/p>\n<span class=\"eael-date\">2024  <img decoding=\"async\" src=\"\/wp-content\/uploads\/2025\/04\/2024-scaled.jpg\" width=\"100%\"><\/span><\/div><\/div>\t\t\t\t\t\t\t\t\t\t\t\t\t\t\t\t\t\t<div class=\"eael-content-timeline-block\">\n    <div class=\"eael-content-timeline-line\">\n        <div class=\"eael-content-timeline-inner\"><\/div>\n    <\/div>\n    <div class=\"eael-content-timeline-img eael-picture \"><svg class=\"e-font-icon-svg e-fas-circle\" viewBox=\"0 0 512 512\" xmlns=\"http:\/\/www.w3.org\/2000\/svg\"><path d=\"M256 8C119 8 8 119 8 256s111 248 248 248 248-111 248-248S393 8 256 8z\"><\/path><\/svg><\/div><div class=\"eael-content-timeline-content\"><p class=\"p1\">El 2025 s'adquireix la unitat productiva especialitzada en servei a vehicles industrials d' <b>Amac Automotive<\/b> , amb seu a l'Hospitalet de Llobregat, creant <b>Motor Tarrega Urban Services<\/b> , focalitzada a<b> <\/b>vehicles urbans, bombers, i hidr\u00e0ulica en general.<b> <\/b><\/p>\n<p class=\"p1\">Tamb\u00e9 el 2025, Agrotec Solsona adquireix <b>Servei Motor F Puey<\/b> , inaugurant un nou punt de servei com <b>Agrotec Solsona Gandesa<\/b><\/p>\n<span class=\"eael-date\">2025<\/span><\/div><\/div>\t\t\t\t<\/div>\n\t\t\t<\/div>\n\t\t<\/div>\n\t\t\t\t\t<\/div>\n\t\t\t\t<\/div>\n\t\t\t\t<\/div>\n\t\t\t\t\t<\/div>\n\t\t\t\t<\/div>\n\t\t\t\t<\/div>\n\t\t","protected":false},"excerpt":{"rendered":"<p>La nostra hist\u00f2ria Motor T\u00e0rrega Trucks neix a T\u00e0rrega el 1965 com a concessionari especialitzat en vehicles industrials de la marca Barreiros i sota el nom Motor T\u00e0rrega SA. Gr\u00e0cies a la professionalitat de l&#8217;equip hum\u00e0 ia la qualitat del nostre servei , l&#8217;empresa es va anar posicionant com a referent dins del sector , [&hellip;]<\/p>\n","protected":false},"author":1,"featured_media":0,"parent":0,"menu_order":0,"comment_status":"closed","ping_status":"closed","template":"","meta":{"_acf_changed":false,"footnotes":""},"class_list":["post-554","page","type-page","status-publish","hentry"],"acf":[],"_links":{"self":[{"href":"https:\/\/motortarrega.com\/ca\/wp-json\/wp\/v2\/pages\/554","targetHints":{"allow":["GET"]}}],"collection":[{"href":"https:\/\/motortarrega.com\/ca\/wp-json\/wp\/v2\/pages"}],"about":[{"href":"https:\/\/motortarrega.com\/ca\/wp-json\/wp\/v2\/types\/page"}],"author":[{"embeddable":true,"href":"https:\/\/motortarrega.com\/ca\/wp-json\/wp\/v2\/users\/1"}],"replies":[{"embeddable":true,"href":"https:\/\/motortarrega.com\/ca\/wp-json\/wp\/v2\/comments?post=554"}],"version-history":[{"count":4,"href":"https:\/\/motortarrega.com\/ca\/wp-json\/wp\/v2\/pages\/554\/revisions"}],"predecessor-version":[{"id":671,"href":"https:\/\/motortarrega.com\/ca\/wp-json\/wp\/v2\/pages\/554\/revisions\/671"}],"wp:attachment":[{"href":"https:\/\/motortarrega.com\/ca\/wp-json\/wp\/v2\/media?parent=554"}],"curies":[{"name":"wp","href":"https:\/\/api.w.org\/{rel}","templated":true}]}}