{"id":404,"date":"2024-10-16T11:22:05","date_gmt":"2024-10-16T09:22:05","guid":{"rendered":"https:\/\/motortarrega.com\/politica-de-privadesa\/"},"modified":"2025-07-31T09:13:41","modified_gmt":"2025-07-31T07:13:41","slug":"politica-de-privadesa","status":"publish","type":"page","link":"https:\/\/motortarrega.com\/ca\/politica-de-privadesa\/","title":{"rendered":"Pol\u00edtica de privadesa"},"content":{"rendered":"\t\t<div data-elementor-type=\"wp-page\" data-elementor-id=\"404\" class=\"elementor elementor-404 elementor-286\" data-elementor-post-type=\"page\">\n\t\t\t\t<div data-particle_enable=\"false\" data-particle-mobile-disabled=\"false\" class=\"elementor-element elementor-element-d90abc1 e-flex e-con-boxed e-con e-parent\" data-id=\"d90abc1\" data-element_type=\"container\" data-e-type=\"container\">\n\t\t\t\t\t<div class=\"e-con-inner\">\n\t\t<div data-particle_enable=\"false\" data-particle-mobile-disabled=\"false\" class=\"elementor-element elementor-element-2069e57 e-con-full e-flex e-con e-child\" data-id=\"2069e57\" data-element_type=\"container\" data-e-type=\"container\">\n\t\t\t\t<div class=\"elementor-element elementor-element-1710c3d elementor-widget elementor-widget-heading\" data-id=\"1710c3d\" data-element_type=\"widget\" data-e-type=\"widget\" data-widget_type=\"heading.default\">\n\t\t\t\t<div class=\"elementor-widget-container\">\n\t\t\t\t\t<h2 class=\"elementor-heading-title elementor-size-default\">Pol\u00edtica de privadesa<\/h2>\t\t\t\t<\/div>\n\t\t\t\t<\/div>\n\t\t\t\t<div class=\"elementor-element elementor-element-25d3f62 elementor-widget elementor-widget-text-editor\" data-id=\"25d3f62\" data-element_type=\"widget\" data-e-type=\"widget\" data-widget_type=\"text-editor.default\">\n\t\t\t\t<div class=\"elementor-widget-container\">\n\t\t\t\t\t\t\t\t\t<h3 class=\"western\" align=\"JUSTIFY\">MOTOR T\u00c0RREGA TRUCKS 360, SLU, en aplicaci\u00f3 de la normativa vigent en mat\u00e8ria de <a href=\"https:\/\/protecciondatos-lopd.com\/auditoria\/proteccion-datos\/\">protecci\u00f3 de dades<\/a> de car\u00e0cter personal, informa que les dades personals que es recullen a trav\u00e9s dels formularis del Lloc web: www.motortarrega.com, s&#8217;inclouen als fitxers automatitzats espec\u00edfics d&#8217;usuaris dels serveis de MOTOR T\u00c0RREGA TRUCKS<\/h3>\n<p align=\"JUSTIFY\">La recollida i el tractament automatitzat de les dades de car\u00e0cter personal t\u00e9 com a finalitat el manteniment de la relaci\u00f3 comercial i l&#8217;exercici de tasques d&#8217;informaci\u00f3, formaci\u00f3, assessorament i altres activitats pr\u00f2pies de MOTOR T\u00c0RREGA TRUCKS 360, S.L.U.<\/p>\n<p align=\"JUSTIFY\">Aquestes dades nom\u00e9s seran cedides a aquelles entitats que siguin necess\u00e0ries amb l&#8217;\u00fanic objectiu de donar compliment a la finalitat exposada anteriorment.<\/p>\n<p align=\"JUSTIFY\">MOTOR T\u00c0RREGA TRUCKS 360, S.L.U. adopta les mesures necess\u00e0ries per garantir la seguretat, integritat i confidencialitat de les dades d&#8217;acord amb el que disposa el Reglament (UE) 2016\/679 del Parlament Europeu i del Consell, de 27 d&#8217;abril de 2016, relatiu a la protecci\u00f3 de les persones f\u00edsiques pel que fa al tractament de dades personals i a la lliure circulaci\u00f3 d&#8217;aquestes. de Protecci\u00f3 de Dades i Garantia dels Drets Digitals (LOPDGDD).<\/p>\n<p align=\"JUSTIFY\">L&#8217;usuari podr\u00e0 en qualsevol moment exercitar els drets d&#8217;acc\u00e9s, oposici\u00f3, rectificaci\u00f3, cancel\u00b7laci\u00f3, limitaci\u00f3 i portabilitat reconeguts a l&#8217;esmentat Reglament (UE). L&#8217;exercici d&#8217;aquests drets el pot fer el mateix usuari a trav\u00e9s de correu electr\u00f2nic a: atencioclient@motortarrega.com oa l&#8217;adre\u00e7a: Av. Barcelona, \u200b\u200b31, C.P. 25300 \u2013 T\u00e0rrega (Lleida).  <\/p>\n<p align=\"JUSTIFY\">L&#8217;usuari manifesta que totes les dades facilitades per ell s\u00f3n certes i correctes, i es compromet a mantenir-les actualitzades, comunicant els canvis a MOTOR T\u00c0RREGA TRUCKS 360, S.L.U.<\/p>\n<h5 align=\"JUSTIFY\"><a name=\"_xxa4duddm645\"><\/a>Finalitat del tractament de les dades personals:<\/h5>\n<p align=\"JUSTIFY\">Amb quina finalitat tractarem les teves dades personals?<\/p>\n<p align=\"JUSTIFY\">A MOTOR T\u00c0RREGA TRUCKS 360, S.L.U., tractarem les teves dades personals demanades a trav\u00e9s del Lloc Web: www.motortarrega.com, amb les finalitats seg\u00fcents:<\/p>\n<ol>\n<li>\n<p align=\"JUSTIFY\">Donar compliment de les obligacions, comercials, laborals, corporatives i comptables de lempresa.<\/p>\n<\/li>\n<li>\n<p align=\"JUSTIFY\">Prestar els serveis d&#8217;acord amb les necessitats particulars dels clients, per tal de complir els contractes subscrits per aquesta.<\/p>\n<\/li>\n<li>\n<p align=\"JUSTIFY\">Enviament d&#8217;informaci\u00f3 comercial i butlletins sobre nous serveis oferts a la web i del sector.<\/p>\n<\/li>\n<li>\n<p align=\"JUSTIFY\">Enviar informaci\u00f3 promocional via electr\u00f2nica.<\/p>\n<\/li>\n<li>\n<p align=\"JUSTIFY\">Facilitar la informaci\u00f3 sol\u00b7licitada per lusuari a trav\u00e9s del formulari de contacte.<\/p>\n<\/li>\n<li>\n<p align=\"JUSTIFY\">Realitzar una elaboraci\u00f3 de perfils de candidats a un lloc de treball amb el consentiment de l&#8217;interessat, basada en un tractament automatitzat i destinada a avaluar els aspectes personals especificats al curr\u00edculum facilitat per<\/p>\n<\/li>\n<\/ol>\n<p align=\"JUSTIFY\">Et recordem que et pots oposar a l&#8217;enviament de comunicacions comercials per qualsevol via i en qualsevol moment, remetent un correu electr\u00f2nic a l&#8217;adre\u00e7a anteriorment indicada.<\/p>\n<p align=\"JUSTIFY\">Els camps d&#8217;aquests registres s\u00f3n d&#8217;emplenament obligatori, i \u00e9s impossible fer les finalitats expressades si no s&#8217;aporten aquestes dades.<\/p>\n<p align=\"JUSTIFY\">Per quant de temps es conserven les dades personals recollides?<\/p>\n<p align=\"JUSTIFY\">Les dades personals proporcionades es conservaran mentre es mantingui la relaci\u00f3 comercial o no en sol\u00b7liciti la supressi\u00f3 i durant el termini pel qual es puguin derivar responsabilitats legals pels serveis prestats.<\/p>\n<h5 align=\"JUSTIFY\"><a name=\"_z07q2qm8cean\"><\/a>Legitimaci\u00f3:<\/h5>\n<p align=\"JUSTIFY\">El tractament de les teves dades es realitza amb les bases jur\u00eddiques seg\u00fcents que legitimen el mateix:<\/p>\n<ol>\n<li>\n<p align=\"JUSTIFY\">La sol\u00b7licitud d&#8217;informaci\u00f3 i\/o la contractaci\u00f3 dels serveis de MOTOR T\u00c0RREGA TRUCKS 360, S.L.U., els termes i condicions dels quals es posaran a la teva disposici\u00f3 en tot cas, de forma pr\u00e8via a una eventual contractaci\u00f3.<\/p>\n<\/li>\n<li>\n<p align=\"JUSTIFY\">El consentiment lliure, espec\u00edfic, informat i inequ\u00edvoc, en tant que t&#8217;informem posant a la teva disposici\u00f3 aquesta pol\u00edtica de privadesa, que despr\u00e9s de llegir-la, en cas d&#8217;estar conforme, pots acceptar mitjan\u00e7ant una declaraci\u00f3 o una clara acci\u00f3 afirmativa, com el marcatge d&#8217;una casella disposada a aquest efecte.<\/p>\n<\/li>\n<\/ol>\n<p align=\"JUSTIFY\">En cas que no ens facilitis les teves dades o ho facis de forma err\u00f2nia o incompleta, no podrem atendre la teva sol\u00b7licitud, resultant del tot impossible proporcionar-te la informaci\u00f3 sol\u00b7licitada o dur a terme la contractaci\u00f3 dels serveis.<\/p>\n<h5 align=\"JUSTIFY\"><a name=\"_e7wc59xixn44\"><\/a>Destinataris:<\/h5>\n<p align=\"JUSTIFY\">Les dades no es comunicaran a cap tercer ali\u00e8 a MOTOR T\u00c0RREGA TRUCKS 360, S.L.U., excepte obligaci\u00f3 legal.<\/p>\n<h5 align=\"JUSTIFY\"><a name=\"_rfu0t5lrwuzt\"><\/a>Dades recopilades per usuaris dels serveis<\/h5>\n<p align=\"JUSTIFY\">En els casos en qu\u00e8 l&#8217;usuari inclogui fitxers amb dades de car\u00e0cter personal als servidors d&#8217;allotjament compartit, MOTOR T\u00c0RREGA TRUCKS 360, S.L.U. no es fa responsable de l&#8217;incompliment per part de l&#8217;usuari de l&#8217;RGPD.<\/p>\n<h5 align=\"JUSTIFY\"><a name=\"_jatomnn6im5a\"><\/a>Drets propietat intel\u00b7lectual www.motortarrega.com<\/h5>\n<p align=\"JUSTIFY\">MOTOR T\u00c0RREGA TRUCKS 360, S.L.U. \u00e9s titular de tots els drets d&#8217;autor, propietat intel\u00b7lectual, industrial, know how i tots els altres drets tenen relaci\u00f3 amb els continguts del lloc web www.motortarrega.com i els serveis que s&#8217;hi ofereixen, aix\u00ed com dels programes necessaris per a la seva implementaci\u00f3 i la informaci\u00f3 relacionada.<\/p>\n<p align=\"JUSTIFY\">No es permet la reproducci\u00f3, publicaci\u00f3 i\/o \u00fas no estrictament privat dels continguts, totals o parcials, del lloc web www.motortarrega.com sense el consentiment previ i per escrit.<\/p>\n<h5 align=\"JUSTIFY\"><a name=\"_rviuahp8w6i2\"><\/a>Propietat intel\u00b7lectual del programari<\/h5>\n<p align=\"JUSTIFY\">L&#8217;usuari ha de respectar els programes de tercers posats a la seva disposici\u00f3 per MOTOR T\u00c0RREGA TRUCKS 360, S.L.U., tot i ser gratu\u00efts i\/o de disposici\u00f3 p\u00fablica.<\/p>\n<p align=\"JUSTIFY\">MOTOR T\u00c0RREGA TRUCKS 360, S.L.U. disposa dels drets d&#8217;explotaci\u00f3 i propietat intel\u00b7lectual necessaris del programari.<\/p>\n<p align=\"JUSTIFY\">L&#8217;usuari no adquireix cap dret o llic\u00e8ncia pel servei contractat, sobre el programari necessari per a la prestaci\u00f3 del servei, ni tampoc sobre la informaci\u00f3 t\u00e8cnica de seguiment del servei, excepci\u00f3 feta dels drets i llic\u00e8ncies necessaris per al compliment dels serveis contractats i \u00fanicament durant la seva durada.<\/p>\n<p align=\"JUSTIFY\">Per a tota actuaci\u00f3 que excedisca del compliment del contracte, l&#8217;usuari necessitar\u00e0 autoritzaci\u00f3 per escrit per part de MOTOR T\u00c0RREGA TRUCKS 360, S.L.U., quedant prohibit a l&#8217;usuari accedir, modificar, visualitzar la configuraci\u00f3, estructura i fitxers dels servidors propietat de MOTOR T\u00c0RREGA TRUCKS 360, a qualsevol penal, a produir-la a qualsevol penal. sistemes de seguretat com a conseq\u00fc\u00e8ncia directa d&#8217;una actuaci\u00f3 negligent o maliciosa per part seva.<\/p>\n<h5 align=\"JUSTIFY\"><a name=\"_d2hc0um9j1ix\"><\/a>Propietat intel\u00b7lectual dels continguts allotjats<\/h5>\n<p align=\"JUSTIFY\">Es prohibeix l\u00fas contrari a la legislaci\u00f3 sobre propietat intel\u00b7lectual dels serveis prestats per MOTOR T\u00c0RREGA TRUCKS 360, S.L.U. i, en particular de:<\/p>\n<ol>\n<li>\n<p align=\"JUSTIFY\">La utilitzaci\u00f3 que resulti contr\u00e0ria a les lleis espanyoles o que infringeixi els drets de tercers.<\/p>\n<\/li>\n<li>\n<p align=\"JUSTIFY\">La publicaci\u00f3 o la transmissi\u00f3 de qualsevol contingut que, segons el parer de MOTOR T\u00c0RREGA TRUCKS 360, S.L.U., resulti violent, obsc\u00e8, abusiu, il\u00b7legal, racial, xen\u00f2fob o difamatori.<\/p>\n<\/li>\n<li>\n<p align=\"JUSTIFY\">Els cracs, n\u00fameros de s\u00e8rie de programes o qualsevol altre contingut que vulneri drets de la propietat intel\u00b7lectual de tercers.<\/p>\n<\/li>\n<li>\n<p align=\"JUSTIFY\">La recollida i\/o utilitzaci\u00f3 de dades personals d&#8217;altres usuaris sense el seu consentiment expr\u00e9s o contravenint el que disposa el Reglament (UE) 2016\/679 del Parlament Europeu i del Consell, de 27 d&#8217;abril de 2016, relatiu a la protecci\u00f3 de les persones f\u00edsiques pel que fa al tractament de dades personals i la lliure circulaci\u00f3 dels mateixos.<\/p>\n<\/li>\n<li>\n<p align=\"JUSTIFY\">La utilitzaci\u00f3 del servidor de correu del domini i de les adreces de correu electr\u00f2nic per a l&#8217;enviament de correu massiu no desitjat.<\/p>\n<\/li>\n<\/ol>\n<p align=\"JUSTIFY\">L&#8217;usuari t\u00e9 tota la responsabilitat sobre el contingut del web, la informaci\u00f3 transmesa i emmagatzemada, els enlla\u00e7os d&#8217;hipertext, les reivindicacions de tercers i les accions legals en refer\u00e8ncia a propietat intel\u00b7lectual, drets de tercers i protecci\u00f3 de menors.<\/p>\n<p align=\"JUSTIFY\">L&#8217;usuari \u00e9s responsable respecte a les lleis i els reglaments en vigor i les regles que tenen a veure amb el funcionament del servei online, comer\u00e7 electr\u00f2nic, drets d&#8217;autor, manteniment de l&#8217;ordre p\u00fablic, aix\u00ed com principis universals d&#8217;\u00fas d&#8217;Internet.<\/p>\n<p align=\"JUSTIFY\">L&#8217;usuari indemnitzar\u00e0 MOTOR T\u00c0RREGA TRUCKS 360, S.L.U. per les despeses que gener\u00e9s la imputaci\u00f3 de MOTOR T\u00c0RREGA TRUCKS 360, S.L.U. en alguna causa la responsabilitat de la qual fos atribu\u00efble a l&#8217;usuari, inclosos honoraris i despeses de defensa jur\u00eddica, fins i tot en el cas d&#8217;una decisi\u00f3 judicial no definitiva.<\/p>\n<h5 align=\"JUSTIFY\"><a name=\"_izcdngo4qe42\"><\/a>Protecci\u00f3 de la informaci\u00f3 allotjada<\/h5>\n<p align=\"JUSTIFY\">MOTOR T\u00c0RREGA TRUCKS 360, S.L.U. realitza c\u00f2pies de seguretat dels continguts allotjats als seus servidors, per\u00f2 no es responsabilitza de la p\u00e8rdua o esborrament accidental de les dades per part dels usuaris. De la mateixa manera, no garanteix la reposici\u00f3 total de les dades esborrades pels usuaris, ja que les dades esmentades podrien haver estat suprimides i\/o modificades durant el per\u00edode del temps transcorregut des de l&#8217;\u00faltima c\u00f2pia de seguretat. <\/p>\n<p align=\"JUSTIFY\">Els serveis oferts, excepte els serveis espec\u00edfics de backup, no inclouen la reposici\u00f3 dels continguts conservats a les c\u00f2pies de seguretat realitzades per MOTOR T\u00c0RREGA TRUCKS 360, S.L.U., quan aquesta p\u00e8rdua sigui imputable a l&#8217;usuari; en aquest cas, es determinar\u00e0 una tarifa d&#8217;acord amb la complexitat i el volum de la recuperaci\u00f3, sempre pr\u00e8via acceptaci\u00f3 de l&#8217;usuari.<\/p>\n<p align=\"JUSTIFY\">La reposici\u00f3 de dades esborrades nom\u00e9s est\u00e0 inclosa en el preu del servei quan la p\u00e8rdua del contingut sigui deguda a causes atribu\u00efbles a MOTOR T\u00c0RREGA TRUCKS 360, S.L.U.<\/p>\n<h5 align=\"JUSTIFY\"><a name=\"_4ytfzve2huqb\"><\/a>Comunicacions comercials<\/h5>\n<p align=\"JUSTIFY\">En aplicaci\u00f3 de la LSSI. MOTOR T\u00c0RREGA TRUCKS 360, S.L.U. no enviar\u00e0 comunicacions publicit\u00e0ries o promocionals per correu electr\u00f2nic o altre mitj\u00e0 de comunicaci\u00f3 electr\u00f2nica equivalent que pr\u00e8viament no hagin estat sol\u00b7licitades o expressament autoritzades pels destinataris de les mateixes. <\/p>\n<p align=\"JUSTIFY\">En el cas d&#8217;usuaris amb qu\u00e8 hi hagi una relaci\u00f3 contractual pr\u00e8via, MOTOR T\u00c0RREGA TRUCKS 360, S.L.U. s\u00ed que est\u00e0 autoritzat a l&#8217;enviament de comunicacions comercials referents a productes o serveis de MOTOR T\u00c0RREGA TRUCKS 360, S.L.U. que siguin similars als que inicialment van ser objecte de contractaci\u00f3 amb el client.<\/p>\n<p align=\"JUSTIFY\">En tot cas, l&#8217;usuari, despr\u00e9s d&#8217;acreditar-ne la identitat, podr\u00e0 sol\u00b7licitar que no se li faci arribar m\u00e9s informaci\u00f3 comercial a trav\u00e9s dels canals d&#8217;Atenci\u00f3 al Client<\/p>\t\t\t\t\t\t\t\t<\/div>\n\t\t\t\t<\/div>\n\t\t\t\t<\/div>\n\t\t\t\t\t<\/div>\n\t\t\t\t<\/div>\n\t\t\t\t<\/div>\n\t\t","protected":false},"excerpt":{"rendered":"<p>MOTOR T\u00c0RREGA TRUCKS 360, SLU, en aplicaci\u00f3 de la normativa vigent en mat\u00e8ria de protecci\u00f3 de dades de car\u00e0cter personal, informa que les dades personals que es recullen a trav\u00e9s dels formularis del Lloc web: www.motortarrega.com, s&#8217;inclouen als fitxers automatitzats espec\u00edfics d&#8217;usuaris dels serveis de MOTOR T\u00c0RREGA TRUCKS La recollida i el tractament automatitzat de [&hellip;]<\/p>\n","protected":false},"author":1,"featured_media":0,"parent":0,"menu_order":0,"comment_status":"closed","ping_status":"closed","template":"","meta":{"_acf_changed":false,"footnotes":""},"class_list":["post-404","page","type-page","status-publish","hentry"],"acf":[],"_links":{"self":[{"href":"https:\/\/motortarrega.com\/ca\/wp-json\/wp\/v2\/pages\/404","targetHints":{"allow":["GET"]}}],"collection":[{"href":"https:\/\/motortarrega.com\/ca\/wp-json\/wp\/v2\/pages"}],"about":[{"href":"https:\/\/motortarrega.com\/ca\/wp-json\/wp\/v2\/types\/page"}],"author":[{"embeddable":true,"href":"https:\/\/motortarrega.com\/ca\/wp-json\/wp\/v2\/users\/1"}],"replies":[{"embeddable":true,"href":"https:\/\/motortarrega.com\/ca\/wp-json\/wp\/v2\/comments?post=404"}],"version-history":[{"count":2,"href":"https:\/\/motortarrega.com\/ca\/wp-json\/wp\/v2\/pages\/404\/revisions"}],"predecessor-version":[{"id":715,"href":"https:\/\/motortarrega.com\/ca\/wp-json\/wp\/v2\/pages\/404\/revisions\/715"}],"wp:attachment":[{"href":"https:\/\/motortarrega.com\/ca\/wp-json\/wp\/v2\/media?parent=404"}],"curies":[{"name":"wp","href":"https:\/\/api.w.org\/{rel}","templated":true}]}}