{"id":400,"date":"2024-10-16T11:20:24","date_gmt":"2024-10-16T09:20:24","guid":{"rendered":"https:\/\/motortarrega.com\/avis-legal\/"},"modified":"2025-07-31T09:13:12","modified_gmt":"2025-07-31T07:13:12","slug":"avis-legal","status":"publish","type":"page","link":"https:\/\/motortarrega.com\/ca\/avis-legal\/","title":{"rendered":"Av\u00eds legal"},"content":{"rendered":"\t\t<div data-elementor-type=\"wp-page\" data-elementor-id=\"400\" class=\"elementor elementor-400 elementor-281\" data-elementor-post-type=\"page\">\n\t\t\t\t<div data-particle_enable=\"false\" data-particle-mobile-disabled=\"false\" class=\"elementor-element elementor-element-a4c8ab1 e-flex e-con-boxed e-con e-parent\" data-id=\"a4c8ab1\" data-element_type=\"container\" data-e-type=\"container\">\n\t\t\t\t\t<div class=\"e-con-inner\">\n\t\t<div data-particle_enable=\"false\" data-particle-mobile-disabled=\"false\" class=\"elementor-element elementor-element-ffffe8b e-con-full e-flex e-con e-child\" data-id=\"ffffe8b\" data-element_type=\"container\" data-e-type=\"container\">\n\t\t\t\t<div class=\"elementor-element elementor-element-87d53db elementor-widget elementor-widget-heading\" data-id=\"87d53db\" data-element_type=\"widget\" data-e-type=\"widget\" data-widget_type=\"heading.default\">\n\t\t\t\t<div class=\"elementor-widget-container\">\n\t\t\t\t\t<h2 class=\"elementor-heading-title elementor-size-default\">Av\u00eds legal<\/h2>\t\t\t\t<\/div>\n\t\t\t\t<\/div>\n\t\t\t\t<div class=\"elementor-element elementor-element-846a371 elementor-widget elementor-widget-text-editor\" data-id=\"846a371\" data-element_type=\"widget\" data-e-type=\"widget\" data-widget_type=\"text-editor.default\">\n\t\t\t\t<div class=\"elementor-widget-container\">\n\t\t\t\t\t\t\t\t\t<p>En compliment amb el deure informaci\u00f3 recollit a l&#8217;article 10 de la Llei 34\/2002, d&#8217;11 de juliol, de Serveis de la Societat de la Informaci\u00f3 i del Comer\u00e7 Electr\u00f2nic (LSSICE), el propietari de la web, us informa del seg\u00fcent:<\/p><ul><li>Denominaci\u00f3 social: MOTOR T\u00c0RREGA TRUCKS 360, SLU<\/li><li>NIF: B61600011<\/li><li>Domicili: Av. Barcelona, \u200b\u200b31, 25300 \u2013 T\u00e0rrega (Lleida)<\/li><\/ul><p>Inscrita al Registre Mercantil de Lleida al Tom 1495, foli 140, secci\u00f3 8, full n\u00famero L-30171, inscripci\u00f3 22<\/p><p>Amb els l\u00edmits establerts a la llei, MOTOR T\u00c0RREGA TRUCKS 360, SLU no assumeix cap responsabilitat derivada de la manca de veracitat, integritat, actualitzaci\u00f3 i precisi\u00f3 de les dades o informacions que contenen les seves p\u00e0gines web.<\/p><p>Els continguts i la informaci\u00f3 no vinculen MOTOR T\u00c0RREGA TRUCKS 360, SLU ni constitueixen opinions, consells o assessorament legal de cap tipus, ja que es tracta merament d&#8217;un servei ofert amb car\u00e0cter informatiu i divulgatiu.<\/p><p>Les p\u00e0gines d&#8217;Internet de MOTOR T\u00c0RREGA TRUCKS 360, SLU poden contenir enlla\u00e7os (links) a altres p\u00e0gines de terceres parts que MOTOR T\u00c0RREGA TRUCKS 360, SLU no pot controlar. Per tant, MOTOR T\u00c0RREGA TRUCKS 360, SLU no pot assumir responsabilitats pel contingut que pugui apar\u00e8ixer a p\u00e0gines de tercers.<\/p><p>Els textos, imatges, sons, animacions, programari i la resta de continguts inclosos en aquest website s\u00f3n propietat exclusiva de MOTOR T\u00c0RREGA TRUCKS 360, SLU o els seus llicenciants. Qualsevol acte de transmissi\u00f3, distribuci\u00f3, cessi\u00f3, reproducci\u00f3, emmagatzematge o comunicaci\u00f3 p\u00fablica total o parcial haur\u00e0 de comptar amb el consentiment expr\u00e9s de MOTOR T\u00c0RREGA TRUCKS 360, SLU<\/p><p>Aix\u00ed mateix, per accedir a alguns dels serveis que MOTOR T\u00c0RREGA TRUCKS 360, SLU ofereix a trav\u00e9s del lloc web, heu de proporcionar algunes dades de car\u00e0cter personal. En compliment del que estableix el Reglament (UE) 2016\/679 del Parlament Europeu i del Consell, de 27 d&#8217;abril de 2016, relatiu a la protecci\u00f3 de les persones f\u00edsiques pel que fa al tractament de dades personals ia la lliure circulaci\u00f3 d&#8217;aquestes dades us informem que, mitjan\u00e7ant l&#8217;emplenament dels presents formularis, TR3 , SLU per tal de poder prestar i oferir els nostres serveis aix\u00ed com per informar-lo de les millores del lloc web.<\/p><p>Us informem tamb\u00e9 que tindreu la possibilitat en tot moment d&#8217;exercir els drets d&#8217;acc\u00e9s, rectificaci\u00f3, cancel\u00b7laci\u00f3, oposici\u00f3, limitaci\u00f3 i portabilitat de les vostres dades de car\u00e0cter personal, de manera gratu\u00efta mitjan\u00e7ant email a:<\/p><p><a href=\"mailto:atencioclient@motortarrega.com\">atencioclient@motortarrega.com<\/a> oa l&#8217;adre\u00e7a: Av. Barcelona, \u200b\u200b31, 25300 \u2013 T\u00e0rrega (Lleida).<\/p>\t\t\t\t\t\t\t\t<\/div>\n\t\t\t\t<\/div>\n\t\t\t\t<\/div>\n\t\t\t\t\t<\/div>\n\t\t\t\t<\/div>\n\t\t\t\t<\/div>\n\t\t","protected":false},"excerpt":{"rendered":"<p>En compliment amb el deure informaci\u00f3 recollit a l&#8217;article 10 de la Llei 34\/2002, d&#8217;11 de juliol, de Serveis de la Societat de la Informaci\u00f3 i del Comer\u00e7 Electr\u00f2nic (LSSICE), el propietari de la web, us informa del seg\u00fcent: Denominaci\u00f3 social: MOTOR T\u00c0RREGA TRUCKS 360, SLU NIF: B61600011 Domicili: Av. Barcelona, \u200b\u200b31, 25300 \u2013 T\u00e0rrega [&hellip;]<\/p>\n","protected":false},"author":1,"featured_media":0,"parent":0,"menu_order":0,"comment_status":"closed","ping_status":"closed","template":"","meta":{"_acf_changed":false,"footnotes":""},"class_list":["post-400","page","type-page","status-publish","hentry"],"acf":[],"_links":{"self":[{"href":"https:\/\/motortarrega.com\/ca\/wp-json\/wp\/v2\/pages\/400","targetHints":{"allow":["GET"]}}],"collection":[{"href":"https:\/\/motortarrega.com\/ca\/wp-json\/wp\/v2\/pages"}],"about":[{"href":"https:\/\/motortarrega.com\/ca\/wp-json\/wp\/v2\/types\/page"}],"author":[{"embeddable":true,"href":"https:\/\/motortarrega.com\/ca\/wp-json\/wp\/v2\/users\/1"}],"replies":[{"embeddable":true,"href":"https:\/\/motortarrega.com\/ca\/wp-json\/wp\/v2\/comments?post=400"}],"version-history":[{"count":2,"href":"https:\/\/motortarrega.com\/ca\/wp-json\/wp\/v2\/pages\/400\/revisions"}],"predecessor-version":[{"id":713,"href":"https:\/\/motortarrega.com\/ca\/wp-json\/wp\/v2\/pages\/400\/revisions\/713"}],"wp:attachment":[{"href":"https:\/\/motortarrega.com\/ca\/wp-json\/wp\/v2\/media?parent=400"}],"curies":[{"name":"wp","href":"https:\/\/api.w.org\/{rel}","templated":true}]}}